{"id":493,"date":"2018-10-15T20:43:14","date_gmt":"2018-10-15T20:43:14","guid":{"rendered":"http:\/\/wordpress-89239-751427.cloudwaysapps.com\/?page_id=493"},"modified":"2023-08-30T14:48:06","modified_gmt":"2023-08-30T14:48:06","slug":"homepage-2","status":"publish","type":"page","link":"https:\/\/varandasapartments.pt\/pt\/","title":{"rendered":"Homepage"},"content":{"rendered":"<p>[vc_row][vc_column][vc_column_text][\/vc_column_text][\/vc_column][\/vc_row][vc_row][vc_column]<div style=\"clear:both; width:100%; height:50px\"><\/div>\t\t<div class=\"homey-module module-title section-title-module text-center \">\r\n\t\t\t<h2 >Apartamentos em destaque<\/h2>\r\n\r\n\t\t\t<p style=\"font-size: 15px; \" class=\"sub-heading\">Da vasta oferta de apartamentos fa\u00e7a a sua escolha e sinta-se em casa!<\/p>\r\n\t\t<\/div>\r\n\t\t<div style=\"clear:both; width:100%; height:30px\"><\/div>\r\n\t\t<div class=\"module-wrap property-module-grid listing-carousel-next-prev-3jzCC property-module-grid-slider property-module-grid-slider-3cols\">\r\n\t\t\t<div class=\"listing-wrap item-grid-view\">\r\n\t\t\t\t<div class=\"row\">\r\n\t\t\t\t\t<div id=\"homey-listing-carousel-3jzCC\" data-token=\"3jzCC\" class=\"homey-carousel homey-carouse-elementor item-grid-slider-view item-grid-slider-view-3cols\">\r\n\t\t\t\t\t\t<div class=\"item-wrap infobox_trigger homey-matchHeight\"  data-id=\"2806\">\n    <div class=\"media property-item\">\n        <div class=\"media-left\">\n            <div class=\"item-media item-media-thumb\">\n                \n                \n                <a class=\"hover-effect\" href=\"https:\/\/varandasapartments.pt\/pt\/listing\/apartment-studio\/\">\n                <img width=\"450\" height=\"300\" src=\"https:\/\/varandasapartments.pt\/wp-content\/uploads\/2023\/09\/69d662d7dcff-450x300.jpg\" class=\"img-responsive wp-post-image\" alt=\"55567\" loading=\"lazy\" srcset=\"https:\/\/varandasapartments.pt\/wp-content\/uploads\/2023\/09\/69d662d7dcff-450x300.jpg 450w, https:\/\/varandasapartments.pt\/wp-content\/uploads\/2023\/09\/69d662d7dcff-120x80.jpg 120w\" sizes=\"(max-width: 450px) 100vw, 450px\" \/>                <\/a>\n\n                \n                                <div class=\"item-user-image\">\n                    <img src=\"https:\/\/varandasapartments.pt\/wp-content\/themes\/homey\/images\/avatar.png\" class=\"img-responsive img-circle\" alt=\"ynnovadmin\" width=\"36\" height=\"36\">                <\/div>\n                            <\/div>\n        <\/div>\n        <div class=\"media-body item-body clearfix\">\n            <div class=\"item-title-head table-block\">\n                <div class=\"title-head-left\">\n                    <h2 class=\"title\"><a href=\"https:\/\/varandasapartments.pt\/pt\/listing\/apartment-studio\/\">\n                    Apartment &#8211; Studio<\/a><\/h2>\n                                    <\/div>\n            <\/div>\n\n                        <ul class=\"item-amenities\">\n                \n                \n                \n                \n                                <li class=\"item-type\">\n                    <span class=\"carousel-item-tipology\">Tipologia:<\/span>\n                    Apartamento<\/li>\n                            <\/ul>\n            \n                        <div class=\"item-user-image list-item-hidden\">\n                    <img src=\"https:\/\/varandasapartments.pt\/wp-content\/themes\/homey\/images\/avatar.png\" class=\"img-responsive img-circle\" alt=\"ynnovadmin\" width=\"36\" height=\"36\">                    <span class=\"item-user-info\">Hosted by<br>\n                    ynnovadmin<\/span>\n            <\/div>\n            \n            <div class=\"item-footer\">\n\n                                <div class=\"footer-right\">\n                    <div class=\"item-tools\">\n                        <div class=\"btn-group dropup\">\n                            <button class=\"btn-item-tools dropdown-toggle\" type=\"button\" data-toggle=\"dropdown\" aria-haspopup=\"true\" aria-expanded=\"false\"><i class=\"fa fa-ellipsis-v\" aria-hidden=\"true\"><\/i><\/button>\n<ul class=\"dropdown-menu\">\n    <li>\n    \t<a class=\"homey_compare compare-2806\" href=\"\" data-listing_id=\"2806\">Compare<\/a>\n    <\/li>\n    <li>\n    \t<a href=\"\" class=\"add_fav\" data-listid=\"2806\">\n    \t\tAdd to Favorite    \t<\/a>\n    <\/li>\n<\/ul>                        <\/div>\n                    <\/div>\n                <\/div>\n                \n                \n            <\/div>\n        <\/div>\n    <\/div>\n<\/div><!-- .item-wrap --><div class=\"item-wrap infobox_trigger homey-matchHeight\"  data-id=\"2807\">\n    <div class=\"media property-item\">\n        <div class=\"media-left\">\n            <div class=\"item-media item-media-thumb\">\n                \n                \n                <a class=\"hover-effect\" href=\"https:\/\/varandasapartments.pt\/pt\/listing\/apartments-t1\/\">\n                <img width=\"450\" height=\"300\" src=\"https:\/\/varandasapartments.pt\/wp-content\/uploads\/2023\/09\/139b42d72076-450x300.jpg\" class=\"img-responsive wp-post-image\" alt=\"55584\" loading=\"lazy\" srcset=\"https:\/\/varandasapartments.pt\/wp-content\/uploads\/2023\/09\/139b42d72076-450x300.jpg 450w, https:\/\/varandasapartments.pt\/wp-content\/uploads\/2023\/09\/139b42d72076-1140x760.jpg 1140w, https:\/\/varandasapartments.pt\/wp-content\/uploads\/2023\/09\/139b42d72076-120x80.jpg 120w\" sizes=\"(max-width: 450px) 100vw, 450px\" \/>                <\/a>\n\n                \n                                <div class=\"item-user-image\">\n                    <img src=\"https:\/\/varandasapartments.pt\/wp-content\/themes\/homey\/images\/avatar.png\" class=\"img-responsive img-circle\" alt=\"ynnovadmin\" width=\"36\" height=\"36\">                <\/div>\n                            <\/div>\n        <\/div>\n        <div class=\"media-body item-body clearfix\">\n            <div class=\"item-title-head table-block\">\n                <div class=\"title-head-left\">\n                    <h2 class=\"title\"><a href=\"https:\/\/varandasapartments.pt\/pt\/listing\/apartments-t1\/\">\n                    Apartments &#8211; T1<\/a><\/h2>\n                                    <\/div>\n            <\/div>\n\n                        <ul class=\"item-amenities\">\n                \n                \n                \n                \n                                <li class=\"item-type\">\n                    <span class=\"carousel-item-tipology\">Tipologia:<\/span>\n                    Apartamento<\/li>\n                            <\/ul>\n            \n                        <div class=\"item-user-image list-item-hidden\">\n                    <img src=\"https:\/\/varandasapartments.pt\/wp-content\/themes\/homey\/images\/avatar.png\" class=\"img-responsive img-circle\" alt=\"ynnovadmin\" width=\"36\" height=\"36\">                    <span class=\"item-user-info\">Hosted by<br>\n                    ynnovadmin<\/span>\n            <\/div>\n            \n            <div class=\"item-footer\">\n\n                                <div class=\"footer-right\">\n                    <div class=\"item-tools\">\n                        <div class=\"btn-group dropup\">\n                            <button class=\"btn-item-tools dropdown-toggle\" type=\"button\" data-toggle=\"dropdown\" aria-haspopup=\"true\" aria-expanded=\"false\"><i class=\"fa fa-ellipsis-v\" aria-hidden=\"true\"><\/i><\/button>\n<ul class=\"dropdown-menu\">\n    <li>\n    \t<a class=\"homey_compare compare-2807\" href=\"\" data-listing_id=\"2807\">Compare<\/a>\n    <\/li>\n    <li>\n    \t<a href=\"\" class=\"add_fav\" data-listid=\"2807\">\n    \t\tAdd to Favorite    \t<\/a>\n    <\/li>\n<\/ul>                        <\/div>\n                    <\/div>\n                <\/div>\n                \n                \n            <\/div>\n        <\/div>\n    <\/div>\n<\/div><!-- .item-wrap --><div class=\"item-wrap infobox_trigger homey-matchHeight\"  data-id=\"2808\">\n    <div class=\"media property-item\">\n        <div class=\"media-left\">\n            <div class=\"item-media item-media-thumb\">\n                \n                \n                <a class=\"hover-effect\" href=\"https:\/\/varandasapartments.pt\/pt\/listing\/apartments-t2\/\">\n                <img width=\"450\" height=\"300\" src=\"https:\/\/varandasapartments.pt\/wp-content\/uploads\/2023\/09\/af9ed6d6731a-450x300.jpg\" class=\"img-responsive wp-post-image\" alt=\"55574\" loading=\"lazy\" srcset=\"https:\/\/varandasapartments.pt\/wp-content\/uploads\/2023\/09\/af9ed6d6731a-450x300.jpg 450w, https:\/\/varandasapartments.pt\/wp-content\/uploads\/2023\/09\/af9ed6d6731a-120x80.jpg 120w\" sizes=\"(max-width: 450px) 100vw, 450px\" \/>                <\/a>\n\n                \n                                <div class=\"item-user-image\">\n                    <img src=\"https:\/\/varandasapartments.pt\/wp-content\/themes\/homey\/images\/avatar.png\" class=\"img-responsive img-circle\" alt=\"ynnovadmin\" width=\"36\" height=\"36\">                <\/div>\n                            <\/div>\n        <\/div>\n        <div class=\"media-body item-body clearfix\">\n            <div class=\"item-title-head table-block\">\n                <div class=\"title-head-left\">\n                    <h2 class=\"title\"><a href=\"https:\/\/varandasapartments.pt\/pt\/listing\/apartments-t2\/\">\n                    Apartments &#8211; T2<\/a><\/h2>\n                                    <\/div>\n            <\/div>\n\n                        <ul class=\"item-amenities\">\n                \n                \n                \n                \n                                <li class=\"item-type\">\n                    <span class=\"carousel-item-tipology\">Tipologia:<\/span>\n                    Apartamento<\/li>\n                            <\/ul>\n            \n                        <div class=\"item-user-image list-item-hidden\">\n                    <img src=\"https:\/\/varandasapartments.pt\/wp-content\/themes\/homey\/images\/avatar.png\" class=\"img-responsive img-circle\" alt=\"ynnovadmin\" width=\"36\" height=\"36\">                    <span class=\"item-user-info\">Hosted by<br>\n                    ynnovadmin<\/span>\n            <\/div>\n            \n            <div class=\"item-footer\">\n\n                                <div class=\"footer-right\">\n                    <div class=\"item-tools\">\n                        <div class=\"btn-group dropup\">\n                            <button class=\"btn-item-tools dropdown-toggle\" type=\"button\" data-toggle=\"dropdown\" aria-haspopup=\"true\" aria-expanded=\"false\"><i class=\"fa fa-ellipsis-v\" aria-hidden=\"true\"><\/i><\/button>\n<ul class=\"dropdown-menu\">\n    <li>\n    \t<a class=\"homey_compare compare-2808\" href=\"\" data-listing_id=\"2808\">Compare<\/a>\n    <\/li>\n    <li>\n    \t<a href=\"\" class=\"add_fav\" data-listid=\"2808\">\n    \t\tAdd to Favorite    \t<\/a>\n    <\/li>\n<\/ul>                        <\/div>\n                    <\/div>\n                <\/div>\n                \n                \n            <\/div>\n        <\/div>\n    <\/div>\n<\/div><!-- .item-wrap -->\t\t\t\t\t<\/div>\r\n\t\t\t\t<\/div>\r\n\t\t\t<\/div><!-- grid-listing-page -->\r\n\t\t<\/div>\r\n\t\t\r\n\t\t<div style=\"clear:both; width:100%; height:30px\"><\/div>[\/vc_column][\/vc_row][vc_row][vc_column][vc_empty_space height=&#8221;&#8221;]\t\t<div class=\"homey-module module-title section-title-module text-center \">\r\n\t\t\t<h2 >BEM-VINDO a Varandas de S. Jorge - apartments***<\/h2>\r\n\r\n\t\t\t<p  class=\"sub-heading\"><\/p>\r\n\t\t<\/div>\r\n\t\t[\/vc_column][vc_column width=&#8221;1\/2&#8243;][vc_empty_space][vc_column_text css_animation=&#8221;bounceInLeft&#8221;]<\/p>\n<div align=\"justify\">\n<p class=\"p1\"><span style=\"font-weight: 400;\">Recentemente inaugurado o Varandas S. Jorge &#8211; apartments*** est\u00e1 localizado entre as Vilas de Arcos de Valdevez e Ponte da Barca e a poucos quil\u00f3metros de dist\u00e2ncia de uma das 5 portas de entrada no Parque Nacional Peneda-Ger\u00eas. Tranquilidade como adjetivo principal, este complexo de apartamentos modernamente equipados, disp\u00f5e de duas piscinas exteriores para adultos e crian\u00e7as e um restaurante. Rodeado por uma imersiva paisagem sobre o vale de S. Jorge, a partir daqui poder\u00e1 seguir \u00e0 descoberta de aldeias pitorescas, como Sistelo ou Soajo. Poder\u00e1 ainda experienciar novos desafios, como passeios a cavalo, caiaque, bicicletas e jipes, entre outras diversas aventuras. N\u00e3o faltar\u00e1 diversidade na escolha das atividades que o far\u00e3o passar dias inesquec\u00edveis em terras do Alto-Minho.<\/span><\/p>\n<\/div>\n<p>[\/vc_column_text][vc_empty_space height=&#8221;10&#8243;][vc_btn title=&#8221;Arcos de Valdevez&#8221; color=&#8221;inverse&#8221; align=&#8221;center&#8221; link=&#8221;url:https%3A%2F%2Fvarandasapartments.pt%2Fabout-homey%2F|title:About%20Homey&#8221;][\/vc_column][vc_column width=&#8221;1\/2&#8243;][vc_column_text]<\/p>\n<p style=\"text-align: center;\"><img loading=\"lazy\" class=\" wp-image-2725 aligncenter\" src=\"https:\/\/varandasapartments.pt\/wp-content\/uploads\/2023\/06\/4-300x223.jpeg\" alt=\"\" width=\"483\" height=\"359\" srcset=\"https:\/\/varandasapartments.pt\/wp-content\/uploads\/2023\/06\/4-300x223.jpeg 300w, https:\/\/varandasapartments.pt\/wp-content\/uploads\/2023\/06\/4-1024x761.jpeg 1024w, https:\/\/varandasapartments.pt\/wp-content\/uploads\/2023\/06\/4-768x571.jpeg 768w, https:\/\/varandasapartments.pt\/wp-content\/uploads\/2023\/06\/4-672x500.jpeg 672w, https:\/\/varandasapartments.pt\/wp-content\/uploads\/2023\/06\/4.jpeg 1080w\" sizes=\"(max-width: 483px) 100vw, 483px\" \/><\/p>\n<p>[\/vc_column_text][\/vc_column][\/vc_row][vc_row full_width=&#8221;stretch_row&#8221; disable_element=&#8221;yes&#8221; css=&#8221;.vc_custom_1693406746753{background-color: #f1f2f3 !important;}&#8221;][vc_column css_animation=&#8221;bounceInUp&#8221; css=&#8221;.vc_custom_1613674775311{background-color: #f9f9f9 !important;}&#8221;]<div style=\"clear:both; width:100%; height:50px\"><\/div>\t\t<div class=\"homey-module module-title section-title-module text-center \">\r\n\t\t\t<h2 >Escolha a sua tipologia pretendida<\/h2>\r\n\r\n\t\t\t<p  class=\"sub-heading\"><\/p>\r\n\t\t<\/div>\r\n\t\t<div style=\"clear:both; width:100%; height:30px\"><\/div>\r\n\t\t<div class=\"module-wrap taxonomy-grid taxonomy-grid-1\">\r\n\t\t\t<div class=\"row\">\r\n\t\t\t\t\r\n\t\t\t\t\t<div class=\"col-lg-6 col-md-6 col-sm-6 col-xs-12\">\r\n\t\t\t\t\t\t<div class=\"taxonomy-item taxonomy-card\">\r\n\t\t\t\t\t\t\t<a class=\"taxonomy-link hover-effect\" href=\"\/search-results\/?listing_type=apartment\">\r\n\t\t\t\t\t\t\t\t<div class=\"taxonomy-title\">Apartamento<\/div>\r\n\t\t\t\t\t\t\t\t<img class=\"img-responsive\" src=\"https:\/\/varandasapartments.pt\/wp-content\/uploads\/2018\/10\/02-5-750x500-1-555x360.jpg\" width=\"555\" height=\"360\" alt=\"listing_type\">\r\n\t\t\t\t\t\t\t<\/a>\r\n\t\t\t\t\t\t<\/div>\r\n\t\t\t\t\t<\/div>\r\n\r\n\t\t\t\t\t\t\t\t\t\r\n\t\t\t<\/div>\r\n\t\t<\/div>\r\n\t\t\r\n\t\t[vc_btn title=&#8221;Conhe\u00e7a todos os nossos alojamentos&#8221; color=&#8221;inverse&#8221; size=&#8221;sm&#8221; align=&#8221;center&#8221; button_block=&#8221;true&#8221; el_class=&#8221;.btn&#8221; css=&#8221;.vc_custom_1687532869500{margin-top: -30px !important;}&#8221; link=&#8221;url:https%3A%2F%2Fynnovation.net%2Fys-yb-web2%2Fhalf-map%2F|title:Half%20Map&#8221;]<div style=\"clear:both; width:100%; height:80px\"><\/div>[\/vc_column][\/vc_row][vc_row full_width=&#8221;stretch_row&#8221; css=&#8221;.vc_custom_1539962199495{background-color: #ffffff !important;}&#8221;][vc_column]<div style=\"clear:both; width:100%; height:50px\"><\/div>\t\t<div class=\"homey-module module-title section-title-module text-center \">\r\n\t\t\t<h2 >O que dizem os nossos h\u00f3spedes<\/h2>\r\n\r\n\t\t\t<p style=\"font-size: 15px; \" class=\"sub-heading\">A nossa melhor recompensa \u00e9 a satisfa\u00e7\u00e3o dos nossos h\u00f3spedes<\/p>\r\n\t\t<\/div>\r\n\t\t<div style=\"clear:both; width:100%; height:30px\"><\/div>\n        <!--start testimonials module-->\n        \n                        <script>\n                jQuery(document).ready(function ($) {\n\n                    $('.testimonials-slider').slick({\n                        rtl: false,\n                        lazyLoad: 'ondemand',\n                        infinite: true,\n                        speed: 300,\n                        slidesToShow: 4,\n                        arrows: true,\n                        adaptiveHeight: true,\n                        dots: true,\n                        appendArrows: '.testimonials-module-slider',\n                        prevArrow: '<button type=\"button\" class=\"slick-prev\">Anterior<\/button>',\n                        nextArrow: '<button type=\"button\" class=\"slick-next\">Seguinte<\/button>',\n                        responsive: [\n                        {\n                            breakpoint: 992,\n                            settings: {\n                                slidesToShow: 2,\n                                slidesToScroll: 2\n                            }\n                        },\n                        {\n                            breakpoint: 769,\n                            settings: {\n                                slidesToShow: 1,\n                                slidesToScroll: 1\n                            }\n                        }]\n                    });\n\n                });\n            <\/script>\n\n            <div class=\"module-wrap testimonials-module testimonials-module-slider\">\n                <div class=\"testimonials-slider-wrap\">\n                    <div class=\"row\">\n                        <div class=\"testimonials-slider\">\n                            <div class=\"testimonial-item text-center\"><p class=\"description\">A Sra Antonieta foi muito prest\u00e1vel chegamos tarde e ela esperou para fazermos o check in, muito prest\u00e1vel.\r\nOs quartos est\u00fadio era espa\u00e7osos e com uma vista bonita, equipados com o b\u00e1sico para poder descansar e usufruir do local.\r\nContudo tinha algumas formigas, que deduzo que possam entrar por motivos de estar na natureza. E as janelas superiores na cobertura que n\u00e3o h\u00e1 forma de tapar e de manh\u00e3 entra logo a luz e para quem \u00e9 sens\u00edvel \u00e0 luz depois n\u00e3o descansa.\r\nFica a 10\/15 minutos dos arcos, tem um percurso com algumas curvas<\/p><div class=\"testimonial-thumb\"><\/div><p class=\"auther-info\"><strong>Ruben Venceslau<\/strong><br><\/p><\/div><div class=\"testimonial-item text-center\"><p class=\"description\">Muy bueno. Recomendable 100%. C\u00f3modo, tranquilo, muy acogedor, piscina en el interior, parking, desayuno muy bueno. Habitaciones nuevas, limpias, amplias, con armario, nevera, cafetera, microondas, para cocinar.\r\nPersonal muy simp\u00e1tico, siempre atento.<\/p><div class=\"testimonial-thumb\"><\/div><p class=\"auther-info\"><strong>Rui Veigas<\/strong><br><em>Espanha<\/em><\/p><\/div><div class=\"testimonial-item text-center\"><p class=\"description\">Adorei o aldeamento localiza\u00e7\u00e3o muito boa perto dos Arcos de Valdevez muito agrad\u00e1vel simpatia dos funcion\u00e1rios muito boa e o sossego do aldeamento \u00e9 realmente bom a decora\u00e7\u00e3o dos apartamentos \u00e9 muito agrad\u00e1vel limpeza 5 estrelas concluindo recomendo e voltarei de certeza<\/p><div class=\"testimonial-thumb\"><\/div><p class=\"auther-info\"><strong>Paulo Pacheco<\/strong><br><em>Portugal<\/em><\/p><\/div><div class=\"testimonial-item text-center\"><p class=\"description\">Magn\u00edficas instalaciones,, Fin de semana incre\u00edble, Antonieta muy amable, habitaci\u00f3n amplia y bien decorada, nuestras mascotas encantadas, es dog frendly<\/p><div class=\"testimonial-thumb\"><\/div><p class=\"auther-info\"><strong>Miguel Fernandez<\/strong><br><em>Espanha<\/em><\/p><\/div>                        <\/div>\n                    <\/div>\n                <\/div>\n            <\/div>\n\n                <!--end post testimonials module-->\n\n\n        [\/vc_column][\/vc_row][vc_row full_width=&#8221;stretch_row_content_no_spaces&#8221;][vc_column][\/vc_column][\/vc_row][vc_row][vc_column][vc_column_text][\/vc_column_text][\/vc_column][\/vc_row]<\/p>","protected":false},"excerpt":{"rendered":"<p>[vc_row][vc_column][vc_column_text][\/vc_column_text][\/vc_column][\/vc_row][vc_row][vc_column][\/vc_column][\/vc_row][vc_row][vc_column][vc_empty_space height=&#8221;&#8221;][\/vc_column][vc_column width=&#8221;1\/2&#8243;][vc_empty_space][vc_column_text css_animation=&#8221;bounceInLeft&#8221;] Recentemente inaugurado o Varandas S. Jorge &#8211; apartments*** est\u00e1 localizado entre as Vilas de Arcos de Valdevez e Ponte da Barca e a poucos quil\u00f3metros de dist\u00e2ncia de uma das 5 portas de entrada no Parque Nacional Peneda-Ger\u00eas. Tranquilidade como adjetivo principal, este complexo de apartamentos modernamente equipados, disp\u00f5e de duas [&hellip;]<\/p>\n","protected":false},"author":1,"featured_media":0,"parent":0,"menu_order":0,"comment_status":"closed","ping_status":"closed","template":"template\/template-homepage.php","meta":{"inline_featured_image":false},"_links":{"self":[{"href":"https:\/\/varandasapartments.pt\/pt\/wp-json\/wp\/v2\/pages\/493"}],"collection":[{"href":"https:\/\/varandasapartments.pt\/pt\/wp-json\/wp\/v2\/pages"}],"about":[{"href":"https:\/\/varandasapartments.pt\/pt\/wp-json\/wp\/v2\/types\/page"}],"author":[{"embeddable":true,"href":"https:\/\/varandasapartments.pt\/pt\/wp-json\/wp\/v2\/users\/1"}],"replies":[{"embeddable":true,"href":"https:\/\/varandasapartments.pt\/pt\/wp-json\/wp\/v2\/comments?post=493"}],"version-history":[{"count":38,"href":"https:\/\/varandasapartments.pt\/pt\/wp-json\/wp\/v2\/pages\/493\/revisions"}],"predecessor-version":[{"id":2817,"href":"https:\/\/varandasapartments.pt\/pt\/wp-json\/wp\/v2\/pages\/493\/revisions\/2817"}],"wp:attachment":[{"href":"https:\/\/varandasapartments.pt\/pt\/wp-json\/wp\/v2\/media?parent=493"}],"curies":[{"name":"wp","href":"https:\/\/api.w.org\/{rel}","templated":true}]}}