{"id":3,"date":"2020-12-11T11:30:19","date_gmt":"2020-12-11T11:30:19","guid":{"rendered":"https:\/\/varandasapartments.pt\/?page_id=3"},"modified":"2023-06-23T13:36:29","modified_gmt":"2023-06-23T13:36:29","slug":"politica-privacidade","status":"publish","type":"page","link":"https:\/\/varandasapartments.pt\/pt\/politica-privacidade\/","title":{"rendered":"Pol\u00edtica de privacidade"},"content":{"rendered":"<div align=\"justify\">\r\n<p class=\"p1\"><\/p>\r\n<p dir=\"ltr\">A confidencialidade na informa\u00e7\u00e3o pessoal dos nossos clientes \u00e9 fundamental e um compromisso da empresa.<\/p>\r\n<p dir=\"ltr\">\u00a0<\/p>\r\n<p dir=\"ltr\">1. Recolha e tratamento de dados do utilizador<\/p>\r\n<p dir=\"ltr\">S\u00e3o v\u00e1rias as circunst\u00e2ncias em que solicitamos dados pessoais de um utilizador (\u201cUtilizador\u201d) do website alojado no https:\/\/www.varandasapartments.pt\/ (\u201cWebsite\u201d), isto \u00e9, informa\u00e7\u00f5es que permitam a identifica\u00e7\u00e3o do Utilizador e os seus detalhes de contacto (\u201cDados Pessoais\u201d): quando efetua uma reserva, quando se regista no nosso Website, subscreve a newsletter, se torna membro dos nossos programas de fideliza\u00e7\u00e3o, nos envia um contacto para solicita\u00e7\u00e3o de confer\u00eancia ou evento para a sua empresa, ou quando nos envia o formul\u00e1rio de candidatura espont\u00e2nea ou solicitada. Os Dados Pessoais recolhidos e tratados consistem em informa\u00e7\u00e3o relativa ao nome, endere\u00e7o de e-mail, sexo, data de nascimento, morada, n\u00famero de telefone, informa\u00e7\u00e3o de cart\u00e3o de cr\u00e9dito e n\u00famero do documento de identifica\u00e7\u00e3o.<\/p>\r\n<p dir=\"ltr\">Desta forma, a entidade respons\u00e1vel pela recolha dos Dados Pessoais \u00e9 a Antonieta &amp; Gilberto Alves, Lda com sede em Souto da Lama Arcos de Valdevez &#8211; Viana do Castelo 4970-574 S. Jorge, Portugal e com o NIF 516 529 633.<\/p>\r\n<p dir=\"ltr\">\u00a0<\/p>\r\n<p dir=\"ltr\">2. Utiliza\u00e7\u00e3o e finalidades do tratamento dos dados do Utilizador<\/p>\r\n<p dir=\"ltr\">Identificamos informa\u00e7\u00e3o t\u00e9cnica do seu computador quando visita as p\u00e1ginas do nosso Website, como o IP (Internet Protocol), o sistema operativo e o tipo de browser (\u201cInforma\u00e7\u00e3o de Usabilidade\u201d). Utilizamos esta informa\u00e7\u00e3o para melhorar a qualidade da sua visita ao nosso Website, e n\u00e3o a divulgaremos a entidades externas \u00e0 empresa sem o seu consentimento.<\/p>\r\n<p dir=\"ltr\">A Informa\u00e7\u00e3o de Usabilidade e os Dados Pessoais s\u00e3o designados na presente Pol\u00edtica de Privacidade por \u201cDados do Utilizador\u201d.<\/p>\r\n<p dir=\"ltr\">\u00a0<\/p>\r\n<p dir=\"ltr\">3. Acesso aos Dados Pessoais<\/p>\r\n<p dir=\"ltr\">A empresa garante os meios que permitam o acesso, pelo Utilizador, aos seus Dados Pessoais. Caso pretenda aceder aos seus Dados Pessoais, deve entrar em contacto com a empresa nos termos aqui descritos.<\/p>\r\n<p dir=\"ltr\">\u00a0<\/p>\r\n<p dir=\"ltr\">4. Rectifica\u00e7\u00e3o dos Dados Pessoais<\/p>\r\n<p dir=\"ltr\">O Utilizador tem o direito de solicitar, a qualquer momento, a rectifica\u00e7\u00e3o dos seus Dados Pessoais, seja atrav\u00e9s da respectiva Conta de Utilizador, seja, nomeadamente, nos termos da Pol\u00edtica de Privacidade.<\/p>\r\n<p dir=\"ltr\">\u00a0<\/p>\r\n<p dir=\"ltr\">5. Seguran\u00e7a dos Dados do Utilizador<\/p>\r\n<p dir=\"ltr\">Para garantir a seguran\u00e7a dos Dados do Utilizador e a m\u00e1xima confidencialidade, tratamos a informa\u00e7\u00e3o que nos forneceu de forma absolutamente confidencial, de acordo com as nossas pol\u00edticas e procedimentos internos de seguran\u00e7a e confidencialidade.<\/p>\r\n<p dir=\"ltr\">Sempre que lhe for solicitada informa\u00e7\u00e3o do cart\u00e3o de cr\u00e9dito, esta comunica\u00e7\u00e3o \u00e9 efetuada atrav\u00e9s de linha segura SSL (Secured Sockets Layer), quando estiver a utilizar navegadores que permitam SSL, tais como Microsoft Internet Explorer ou Netscape Navigator.<\/p>\r\n<p dir=\"ltr\">Utilizaremos tamb\u00e9m SSL em todas as p\u00e1ginas onde lhe for solicitada informa\u00e7\u00e3o pessoal, o que significa que a sua informa\u00e7\u00e3o ser\u00e1 enviada atrav\u00e9s da internet de forma encriptada. Poder\u00e1 verificar que est\u00e1 em modo seguro quando visualizar um \u00edcone cadeado ou chave no canto inferior direito ou no canto inferior esquerdo do seu ecr\u00e3. Adicionalmente, poder\u00e1 ver que os primeiros caracteres do url do Website ser\u00e3o &#8220;https&#8221;, indicando que est\u00e1 a aceder a um servidor seguro.<\/p>\r\n<p dir=\"ltr\">Contudo, os Dados do Utilizador podem circular na rede sem condi\u00e7\u00f5es de seguran\u00e7a, podendo vir a ser visualizados e\/ou utilizados por terceiros n\u00e3o autorizados para o efeito. Caso isso venha a ocorrer, a empresa n\u00e3o \u00e9 respons\u00e1vel pelo roubo, destrui\u00e7\u00e3o ou dissemina\u00e7\u00e3o dos Dados do Utilizador.<\/p>\r\n<p dir=\"ltr\">\u00a0<\/p>\r\n<p dir=\"ltr\">6. Utiliza\u00e7\u00e3o de Cookies<\/p>\r\n<p dir=\"ltr\">Quando visitar o nosso Website, um pequeno ficheiro de texto (Cookie) \u00e9 criado e gravado no disco do seu computador. Este ficheiro, ao reconhec\u00ea-lo, vai permitir-lhe uma maior facilidade e rapidez no acesso, bem como a personaliza\u00e7\u00e3o do Website de acordo com as suas prefer\u00eancias.<\/p>\r\n<p dir=\"ltr\">A maioria dos navegadores aceitam automaticamente estes ficheiros (Cookies), mas poder\u00e1 apag\u00e1-los ou definir automaticamente o seu bloqueio. No menu &#8220;Help&#8221; do seu navegador encontrar\u00e1 como efetuar essas configura\u00e7\u00f5es. No entanto, caso n\u00e3o permita o uso de cookies poder\u00e1 haver algumas funcionalidades que n\u00e3o consiga utilizar.<\/p>\r\n<p dir=\"ltr\">\u00a0<\/p>\r\n<p dir=\"ltr\">7. Altera\u00e7\u00f5es \u00e0 pol\u00edtica de privacidade<\/p>\r\n<p dir=\"ltr\">A empresa reserva-se no direito de alterar a Pol\u00edtica de Privacidade a qualquer momento. Em caso de modifica\u00e7\u00e3o da Pol\u00edtica de Privacidade, a data da \u00faltima altera\u00e7\u00e3o, dispon\u00edvel no topo desta p\u00e1gina, \u00e9 tamb\u00e9m atualizada. Caso a altera\u00e7\u00e3o seja substancial, pode ainda ser colocado um aviso no Website.<\/p>\r\n<p dir=\"ltr\">\u00a0<\/p>\r\n<p dir=\"ltr\">8. Contacto e direito de sa\u00edda<\/p>\r\n<p dir=\"ltr\">Caso pretenda colocar quest\u00f5es\/queixas relacionadas com a Pol\u00edtica de Privacidade; rectificar os seus Dados Pessoais; deixar de receber correspond\u00eancia comercial, incluindo emails da empresa; ou retirar o seu consentimento para a partilha dos seus Dados Pessoais com terceiros, pode faz\u00ea-lo atrav\u00e9s do email reservas@varandasapartments.pt .<\/p>\r\n<p dir=\"ltr\">\u00a0<\/p>\r\n<p dir=\"ltr\">9. Lei e foro aplic\u00e1veis<\/p>\r\n<p dir=\"ltr\">A Pol\u00edtica de Privacidade, bem como a recolha, tratamento ou transmiss\u00e3o de Dados do Utilizador, s\u00e3o regidos pelas leis aplic\u00e1veis da Rep\u00fablica de Portugal.<\/p>\r\n<p dir=\"ltr\">Quaisquer lit\u00edgios decorrentes da validade, interpreta\u00e7\u00e3o ou execu\u00e7\u00e3o da Pol\u00edtica de Privacidade, ou que estejam relacionados com a recolha, tratamento ou transmiss\u00e3o de Dados do Utilizador, devem ser submetidos em exclusivo \u00e0 jurisdi\u00e7\u00e3o dos tribunais judiciais da comarca de Lisboa, sem preju\u00edzo das normas legais imperativas aplic\u00e1veis.<\/p>\r\n<p dir=\"ltr\">\u00a0<\/p>\r\n<p dir=\"ltr\">10. Hiperliga\u00e7\u00f5es<\/p>\r\n<p dir=\"ltr\">O portal de https:\/\/www.varandasapartments.pt\/ permite aceder a outras p\u00e1ginas web geridas e controladas por terceiros atrav\u00e9s de diferentes liga\u00e7\u00f5es para facilitar aos utilizadores a pesquisa de informa\u00e7\u00e3o, conte\u00fados e servi\u00e7os de Internet, sem que, em nenhum caso, possa considerar-se uma recomenda\u00e7\u00e3o ou convite para a visita dos mesmos.<\/p>\r\n<p dir=\"ltr\">A realiza\u00e7\u00e3o de uma hiperliga\u00e7\u00e3o desde uma p\u00e1gina web de outro portal da Internet a qualquer das p\u00e1ginas do portal de paraty.es dever\u00e1 submeter-se \u00e0s seguintes condi\u00e7\u00f5es:<\/p>\r\n<p dir=\"ltr\">&#8211; Qualquer hiperliga\u00e7\u00e3o ao Website efetuar-se-\u00e1 \u00e0 sua p\u00e1gina principal ou p\u00e1ginas principais das sec\u00e7\u00f5es que cont\u00e9m.<\/p>\r\n<p dir=\"ltr\">&#8211; N\u00e3o se permite a reprodu\u00e7\u00e3o, em nenhum caso, dos servi\u00e7os ou conte\u00fados do portal da empresa.<\/p>\r\n<p dir=\"ltr\">&#8211; A p\u00e1gina web em que se estabele\u00e7a a hiperliga\u00e7\u00e3o n\u00e3o conter\u00e1 informa\u00e7\u00f5es ou conte\u00fados il\u00edcitos, contr\u00e1rios \u00e0 moral, aos bons costumes ou \u00e0 ordem p\u00fablica, nem proporcionar\u00e1 conte\u00fados contr\u00e1rios a qualquer direito de terceiros.<\/p>\r\n<p dir=\"ltr\">&#8211; N\u00e3o se incluir\u00e1 nenhuma manifesta\u00e7\u00e3o falsa, inexata ou incorreta sobre as p\u00e1ginas do portal, nem sobre os servi\u00e7os ou conte\u00fados do mesmo.<\/p>\r\n<p dir=\"ltr\">&#8211; N\u00e3o se estabelecer\u00e3o deep-links, nem liga\u00e7\u00f5es IMG ou de imagem, nem frames com as p\u00e1ginas do Website de paraty.es sem a pr\u00e9via autoriza\u00e7\u00e3o expressa da empresa.<\/p>\r\n<p dir=\"ltr\">\u00a0<\/p>\r\n<p dir=\"ltr\">O estabelecimento da hiperliga\u00e7\u00e3o n\u00e3o implicar\u00e1 a exist\u00eancia de rela\u00e7\u00f5es entre a empresa e o titular da p\u00e1gina web ou do Website desde o qual se realize, nem que a empresa tenha autorizado a hiperliga\u00e7\u00e3o ou supervisado, conhecido, aceite ou assumido os servi\u00e7os e conte\u00fados oferecidos nesse website.<\/p>\r\n<p class=\"p1\"><\/p>\r\n<\/div>","protected":false},"excerpt":{"rendered":"<p>A confidencialidade na informa\u00e7\u00e3o pessoal dos nossos clientes \u00e9 fundamental e um compromisso da empresa. \u00a0 1. Recolha e tratamento de dados do utilizador S\u00e3o v\u00e1rias as circunst\u00e2ncias em que solicitamos dados pessoais de um utilizador (\u201cUtilizador\u201d) do website alojado no https:\/\/www.varandasapartments.pt\/ (\u201cWebsite\u201d), isto \u00e9, informa\u00e7\u00f5es que permitam a identifica\u00e7\u00e3o do Utilizador e os seus [&hellip;]<\/p>\n","protected":false},"author":1,"featured_media":0,"parent":0,"menu_order":0,"comment_status":"closed","ping_status":"open","template":"","meta":{"inline_featured_image":false},"_links":{"self":[{"href":"https:\/\/varandasapartments.pt\/pt\/wp-json\/wp\/v2\/pages\/3"}],"collection":[{"href":"https:\/\/varandasapartments.pt\/pt\/wp-json\/wp\/v2\/pages"}],"about":[{"href":"https:\/\/varandasapartments.pt\/pt\/wp-json\/wp\/v2\/types\/page"}],"author":[{"embeddable":true,"href":"https:\/\/varandasapartments.pt\/pt\/wp-json\/wp\/v2\/users\/1"}],"replies":[{"embeddable":true,"href":"https:\/\/varandasapartments.pt\/pt\/wp-json\/wp\/v2\/comments?post=3"}],"version-history":[{"count":4,"href":"https:\/\/varandasapartments.pt\/pt\/wp-json\/wp\/v2\/pages\/3\/revisions"}],"predecessor-version":[{"id":2750,"href":"https:\/\/varandasapartments.pt\/pt\/wp-json\/wp\/v2\/pages\/3\/revisions\/2750"}],"wp:attachment":[{"href":"https:\/\/varandasapartments.pt\/pt\/wp-json\/wp\/v2\/media?parent=3"}],"curies":[{"name":"wp","href":"https:\/\/api.w.org\/{rel}","templated":true}]}}