{"id":1292,"date":"2018-10-25T15:26:09","date_gmt":"2018-10-25T15:26:09","guid":{"rendered":"http:\/\/wordpress-89239-751427.cloudwaysapps.com\/?page_id=1292"},"modified":"2023-06-23T12:55:05","modified_gmt":"2023-06-23T12:55:05","slug":"about-homey","status":"publish","type":"page","link":"https:\/\/varandasapartments.pt\/pt\/about-homey\/","title":{"rendered":"Arcos de Valdevez"},"content":{"rendered":"<p>[vc_row css=&#8221;.vc_custom_1540484653733{margin-bottom: 30px !important;padding-right: 30px !important;padding-left: 30px !important;background-color: #ffffff !important;}&#8221;][vc_column]\t\t<div class=\"homey-module module-title section-title-module text-left \">\r\n\t\t\t<h2 >Arcos de Valdevez<\/h2>\r\n\r\n\t\t\t<p  class=\"sub-heading\"><\/p>\r\n\t\t<\/div>\r\n\t\t[vc_row_inner][vc_column_inner][vc_column_text]<\/p>\n<div align=\"justify\">\n<p class=\"p1\"><span style=\"font-weight: 400;\">Arcos de Valdevez pode ser considerado uma pequena caixa de sedu\u00e7\u00e3o, encravado no Vale do Vez, Arcos conserva todo o encanto caracter\u00edstico do Alto Minho: paisagem verde, frescura abundante, arquitetura solarenga e um rio que espalha a vaidade de toda uma vila carregada de Hist\u00f3ria.<\/span><\/p>\n<p><span style=\"font-weight: 400;\">A Terra de Valdevez e as suas gentes mergulham ra\u00edzes no tempo long\u00ednquo. Franjeada pelo po\u00e9tico Lima, sulcada ao meio, e de ponta a ponta, pelo id\u00edlico Vez que lhe d\u00e1 o nome, abeberada, em muitas dire\u00e7\u00f5es por saltitantes e cristalinos ribeiros, caprichosamente moldada pela natureza, ora em montanhas de empinado recorte Soajo e Peneda e extasiantes miradouros, ora em pregui\u00e7osas encostas em que amadura o vinho e sonolentas v\u00e1rzeas onde cresce o p\u00e3o.<\/span><\/p>\n<p><span style=\"font-weight: 400;\">Por todo o concelho abundam as seculares casas senhoriais, as torres e pontes medievais e uma hist\u00f3ria, os templos de todos os estilos, as romarias sem conta e de muita tradi\u00e7\u00e3o e uma gastronomia sem rival.<\/span><\/p>\n<p><span style=\"font-weight: 400;\">A Terra de Valdevez \u00e9 uma portentosa sinfonia de sol e de brisas, de luz e de cores, em que a nota dominante \u00e9 o verde vi\u00e7oso sem par.<\/span><\/p>\n<\/div>\n<p>[\/vc_column_text][\/vc_column_inner][\/vc_row_inner][\/vc_column][\/vc_row]<\/p>","protected":false},"excerpt":{"rendered":"<p>[vc_row css=&#8221;.vc_custom_1540484653733{margin-bottom: 30px !important;padding-right: 30px !important;padding-left: 30px !important;background-color: #ffffff !important;}&#8221;][vc_column][vc_row_inner][vc_column_inner][vc_column_text] Arcos de Valdevez pode ser considerado uma pequena caixa de sedu\u00e7\u00e3o, encravado no Vale do Vez, Arcos conserva todo o encanto caracter\u00edstico do Alto Minho: paisagem verde, frescura abundante, arquitetura solarenga e um rio que espalha a vaidade de toda uma vila carregada de Hist\u00f3ria. [&hellip;]<\/p>\n","protected":false},"author":1,"featured_media":0,"parent":0,"menu_order":0,"comment_status":"closed","ping_status":"closed","template":"template\/template-homepage.php","meta":{"inline_featured_image":false},"_links":{"self":[{"href":"https:\/\/varandasapartments.pt\/pt\/wp-json\/wp\/v2\/pages\/1292"}],"collection":[{"href":"https:\/\/varandasapartments.pt\/pt\/wp-json\/wp\/v2\/pages"}],"about":[{"href":"https:\/\/varandasapartments.pt\/pt\/wp-json\/wp\/v2\/types\/page"}],"author":[{"embeddable":true,"href":"https:\/\/varandasapartments.pt\/pt\/wp-json\/wp\/v2\/users\/1"}],"replies":[{"embeddable":true,"href":"https:\/\/varandasapartments.pt\/pt\/wp-json\/wp\/v2\/comments?post=1292"}],"version-history":[{"count":5,"href":"https:\/\/varandasapartments.pt\/pt\/wp-json\/wp\/v2\/pages\/1292\/revisions"}],"predecessor-version":[{"id":2741,"href":"https:\/\/varandasapartments.pt\/pt\/wp-json\/wp\/v2\/pages\/1292\/revisions\/2741"}],"wp:attachment":[{"href":"https:\/\/varandasapartments.pt\/pt\/wp-json\/wp\/v2\/media?parent=1292"}],"curies":[{"name":"wp","href":"https:\/\/api.w.org\/{rel}","templated":true}]}}