{"id":3,"date":"2020-12-11T11:30:19","date_gmt":"2020-12-11T11:30:19","guid":{"rendered":"https:\/\/varandasapartments.pt\/?page_id=3"},"modified":"2023-06-23T13:36:29","modified_gmt":"2023-06-23T13:36:29","slug":"politica-privacidade","status":"publish","type":"page","link":"https:\/\/varandasapartments.pt\/es\/politica-privacidade\/","title":{"rendered":"pol\u00edtica de privacidad"},"content":{"rendered":"<p>La confidencialidad en la informaci\u00f3n personal de nuestros clientes es fundamental y un compromiso de la empresa.<\/p>\r\n<p><br \/>1. Recopilaci\u00f3n y procesamiento de datos del usuario<\/p>\r\n<p>Existen varias circunstancias en las que solicitamos datos personales de un usuario del sitio web alojado en https:\/\/www.varandasapartments.pt\/, es decir, informaci\u00f3n que permita la identificaci\u00f3n del Usuario y sus datos de contacto: cuando realiza una reserva, cuando se registra en nuestro sitio web, se suscribe a la newsletter, se hace miembro de nuestros programas de fidelizaci\u00f3n, nos env\u00eda un contacto para solicitar una conferencia o evento para su empresa, o cuando env\u00edanos el formulario de solicitud espont\u00e1neo o solicitado. Los Datos personales recopilados y procesados \u200b\u200bconsisten en informaci\u00f3n relacionada con el nombre, la direcci\u00f3n de correo electr\u00f3nico, el sexo, la fecha de nacimiento, la direcci\u00f3n, el n\u00famero de tel\u00e9fono, la informaci\u00f3n de la tarjeta de cr\u00e9dito y el n\u00famero de documento de identificaci\u00f3n.<\/p>\r\n<p>As\u00ed, la entidad responsable de la recogida de Datos Personales es Antonieta &amp; Gilberto Alves, Lda con sede en Souto da Lama Arcos de Valdevez &#8211; Viana do Castelo 4970-574 S. Jorge, Portugal y con el CIF 516 529 633.<\/p>\r\n<p>&nbsp;<\/p>\r\n<p>2. Uso y finalidades del tratamiento de los datos del usuario<\/p>\r\n<p>Identificamos informaci\u00f3n t\u00e9cnica en su computadora cuando visita las p\u00e1ginas de nuestro sitio web, como la IP, el sistema operativo y el tipo de navegador. Utilizamos esta informaci\u00f3n para mejorar la calidad de su visita a nuestro sitio web y no la divulgaremos a entidades ajenas a la empresa sin su consentimiento.<\/p>\r\n<p>La informaci\u00f3n de usabilidad y los datos personales se denominan en esta Pol\u00edtica de privacidad como &#8220;Datos del usuario&#8221;.<\/p>\r\n<p>&nbsp;<\/p>\r\n<p>3. Acceso a datos personales<\/p>\r\n<p>La empresa garantiza los medios que permiten al Usuario acceder a sus Datos Personales. Si desea acceder a sus Datos Personales, debe comunicarse con la empresa bajo los t\u00e9rminos descritos aqu\u00ed.<\/p>\r\n<p><br \/>4. Rectificaci\u00f3n de datos personales<\/p>\r\n<p>El Usuario tiene derecho a solicitar, en cualquier momento, la rectificaci\u00f3n de sus Datos Personales, ya sea a trav\u00e9s de la respectiva Cuenta de Usuario, o, es decir, en los t\u00e9rminos de la Pol\u00edtica de Privacidad.<\/p>\r\n<p><br \/>5. Seguridad de los datos del usuario<\/p>\r\n<p>Para garantizar la seguridad de los Datos del Usuario y la m\u00e1xima confidencialidad, tratamos la informaci\u00f3n que nos ha proporcionado de manera absolutamente confidencial, de acuerdo con nuestras pol\u00edticas y procedimientos internos de seguridad y confidencialidad.<\/p>\r\n<p>Siempre que se le solicite informaci\u00f3n de la tarjeta de cr\u00e9dito, esta comunicaci\u00f3n se realiza a trav\u00e9s de una l\u00ednea segura SSL (Secured Sockets Layer), cuando se utilizan navegadores que permiten SSL, como Microsoft Internet Explorer o Netscape Navigator.<\/p>\r\n<p>Tambi\u00e9n usaremos SSL en todas las p\u00e1ginas donde se solicite informaci\u00f3n personal, lo que significa que su informaci\u00f3n se enviar\u00e1 a trav\u00e9s de Internet en forma encriptada. Puede verificar que est\u00e1 en modo seguro cuando vea un icono de candado o llave en la esquina inferior derecha o inferior izquierda de la pantalla. Adem\u00e1s, puede ver que los primeros caracteres de la URL del sitio web ser\u00e1n &#8220;https&#8221;, lo que indica que est\u00e1 accediendo a un servidor seguro.<\/p>\r\n<p>Sin embargo, los datos del usuario pueden circular en la red sin condiciones de seguridad y pueden ser vistos y \/ o utilizados por terceros no autorizados para este fin. Si esto ocurre, la empresa no se hace responsable del robo, destrucci\u00f3n o difusi\u00f3n de los Datos del usuario.<\/p>\r\n<p><br \/>6. Uso de cookies<\/p>\r\n<p>Cuando visita nuestro sitio web, se crea un peque\u00f1o archivo de texto (cookie) y se guarda en el disco de su computadora. Este archivo, al reconocerlo, le permitir\u00e1 acceder a \u00e9l de manera m\u00e1s f\u00e1cil y r\u00e1pida, as\u00ed como personalizar el Sitio Web seg\u00fan sus preferencias.<\/p>\r\n<p>La mayor\u00eda de los navegadores aceptan autom\u00e1ticamente estos archivos (cookies), pero puede eliminarlos o establecer su bloqueo autom\u00e1ticamente. En el men\u00fa &#8220;Ayuda&#8221; de su navegador encontrar\u00e1 como realizar estos ajustes. Sin embargo, si no permite el uso de cookies, es posible que haya algunas funciones que no pueda utilizar.<\/p>\r\n<p><br \/>7. Cambios en la pol\u00edtica de privacidad<\/p>\r\n<p>La empresa se reserva el derecho de cambiar la Pol\u00edtica de privacidad en cualquier momento. En caso de modificaci\u00f3n de la Pol\u00edtica de Privacidad, tambi\u00e9n se actualiza la fecha del \u00faltimo cambio, disponible en la parte superior de esta p\u00e1gina. Si el cambio es sustancial, es posible que se coloque un aviso en el sitio web.<\/p>\r\n<p><br \/>8. Contactar<\/p>\r\n<p>Si desea hacer preguntas o quejas relacionadas con la Pol\u00edtica de privacidad; rectificar sus datos personales; dejar de recibir correspondencia comercial, incluidos los correos electr\u00f3nicos de la empresa; o retirar su consentimiento para compartir sus Datos personales con terceros, puede hacerlo a trav\u00e9s del correo electr\u00f3nico reservas@varandasapartments.pt.<\/p>\r\n<p><br \/>9. Ley y jurisdicci\u00f3n aplicables<\/p>\r\n<p>La Pol\u00edtica de privacidad, as\u00ed como la recopilaci\u00f3n, el procesamiento o la transmisi\u00f3n de los Datos del usuario, se rigen por las leyes aplicables de la Rep\u00fablica de Portugal.<\/p>\r\n<p>Cualquier disputa que surja de la validez, interpretaci\u00f3n o ejecuci\u00f3n de la Pol\u00edtica de Privacidad, o que est\u00e9 relacionada con la recopilaci\u00f3n, procesamiento o transmisi\u00f3n de Datos de Usuario, debe someterse exclusivamente a la jurisdicci\u00f3n de los tribunales judiciales del distrito de Lisboa, sin perjuicio de las normas legales. imperativos aplicables.<\/p>\r\n<p><br \/>10. Enlaces<\/p>\r\n<p>El portal https:\/\/www.varandasapartments.pt\/ permite el acceso a otras p\u00e1ginas web gestionadas y controladas por terceros a trav\u00e9s de distintos enlaces para facilitar a los usuarios la b\u00fasqueda de informaci\u00f3n, contenidos y servicios de Internet, en ning\u00fan caso, puede considerarse una recomendaci\u00f3n o invitaci\u00f3n a visitarlos.<\/p>\r\n<p>La creaci\u00f3n de un hiperenlace desde una p\u00e1gina web de otro portal de Internet a cualquiera de las p\u00e1ginas del portal paraty.es debe estar sujeta a las siguientes condiciones:<\/p>\r\n<p>&#8211; Cualquier hiperenlace al Sitio Web se realizar\u00e1 a su p\u00e1gina principal para las p\u00e1ginas principales de las secciones que contiene.<\/p>\r\n<p>&#8211; No se permite reproducir, en ning\u00fan caso, los servicios o contenidos del portal de la empresa.<\/p>\r\n<p>&#8211; La p\u00e1gina web en la que se establezca el hiperenlace no contendr\u00e1 informaci\u00f3n o contenidos il\u00edcitos, contrarios a la moral, las buenas costumbres o el orden p\u00fablico, ni proporcionar\u00e1 contenidos contrarios a cualquier derecho de terceros.<\/p>\r\n<p>&#8211; No se incluir\u00e1 manifestaci\u00f3n falsa, inexacta o incorrecta sobre las p\u00e1ginas del portal, ni sobre los servicios o contenidos del portal.<\/p>\r\n<p>&#8211; No se establecer\u00e1n deep-links, IMG o enlaces de imagen, o frames con las p\u00e1ginas del sitio web paraty.es sin la previa autorizaci\u00f3n expresa de la empresa.<\/p>\r\n<p>El establecimiento del hiperenlace no implicar\u00e1 la existencia de relaciones entre la empresa y el propietario de la p\u00e1gina web o sitio web desde el que se realice, ni que la empresa haya autorizado el hiperenlace o supervisado, conocido, aceptado o asumido los servicios y contenidos ofrecidos en ese sitio web.<\/p>","protected":false},"excerpt":{"rendered":"<p>La confidencialidad en la informaci\u00f3n personal de nuestros clientes es fundamental y un compromiso de la empresa. 1. Recopilaci\u00f3n y procesamiento de datos del usuario Existen varias circunstancias en las que solicitamos datos personales de un usuario del sitio web alojado en https:\/\/www.varandasapartments.pt\/, es decir, informaci\u00f3n que permita la identificaci\u00f3n del Usuario y sus datos [&hellip;]<\/p>\n","protected":false},"author":1,"featured_media":0,"parent":0,"menu_order":0,"comment_status":"closed","ping_status":"open","template":"","meta":{"inline_featured_image":false},"_links":{"self":[{"href":"https:\/\/varandasapartments.pt\/es\/wp-json\/wp\/v2\/pages\/3"}],"collection":[{"href":"https:\/\/varandasapartments.pt\/es\/wp-json\/wp\/v2\/pages"}],"about":[{"href":"https:\/\/varandasapartments.pt\/es\/wp-json\/wp\/v2\/types\/page"}],"author":[{"embeddable":true,"href":"https:\/\/varandasapartments.pt\/es\/wp-json\/wp\/v2\/users\/1"}],"replies":[{"embeddable":true,"href":"https:\/\/varandasapartments.pt\/es\/wp-json\/wp\/v2\/comments?post=3"}],"version-history":[{"count":4,"href":"https:\/\/varandasapartments.pt\/es\/wp-json\/wp\/v2\/pages\/3\/revisions"}],"predecessor-version":[{"id":2750,"href":"https:\/\/varandasapartments.pt\/es\/wp-json\/wp\/v2\/pages\/3\/revisions\/2750"}],"wp:attachment":[{"href":"https:\/\/varandasapartments.pt\/es\/wp-json\/wp\/v2\/media?parent=3"}],"curies":[{"name":"wp","href":"https:\/\/api.w.org\/{rel}","templated":true}]}}