{"id":2302,"date":"2021-02-10T16:06:46","date_gmt":"2021-02-10T16:06:46","guid":{"rendered":"https:\/\/varandasapartments.pt\/?page_id=2302"},"modified":"2023-06-23T13:09:02","modified_gmt":"2023-06-23T13:09:02","slug":"terms-and-conditions","status":"publish","type":"page","link":"https:\/\/varandasapartments.pt\/es\/terms-and-conditions\/","title":{"rendered":"(English) Terms and conditions"},"content":{"rendered":"<p><\/p>\n<div align=\"justify\">\n<p dir=\"ltr\">1. INTRODUCCI\u00d3N<\/p>\n<p dir=\"ltr\">\n<p dir=\"ltr\">Al usar o visitar la web alojada en https:\/\/www.varandasapartments.pt\/ (&#8220;web&#8221;) o cualquier informaci\u00f3n realtiva, archivos de datos, texto escrito, gr\u00e1ficos, enlaces, archivos de audio o similares, fotograf\u00edas, videos, recursos y servicios puestos a disposici\u00f3n a trav\u00e9s de dicha web, usted est\u00e1, como usuario, de acuerdo con aceptar estos t\u00e9rminos de uso (&#8220;T\u00e9rminos de uso&#8221;) y la pol\u00edtica de privacidad y protecci\u00f3n de datos personales disponible en el apartado &#8220;Pol\u00edtica de privacidad&#8221;.<\/p>\n<p dir=\"ltr\">\n<p dir=\"ltr\">La web es propiedad de la empresa Antonieta &amp; Gilberto Alves, Lda, con sede en Souto da Lama Arcos de Valdevez &#8211; Viana do Castelo 4970-574 S. Jorge, Portugal, bajo el NIF 516 529 633. A trav\u00e9s de esta web, la empresa pone a disposici\u00f3n del usuario el acceso a varos servicios, incluidas actualizaciones, desarrollos, nuevas herramientas y \/ o nuevas propiedades web, que a su vez est\u00e1n sujetos a estos t\u00e9rminos de uso.<\/p>\n<p dir=\"ltr\">\n<p dir=\"ltr\">Las reservas de alojamiento se pueden realizar a trav\u00e9s de la web, aunque la contraparte, en los contratos celebrados a trav\u00e9s de la web y cuyo objeto es la prestaci\u00f3n de servicios tur\u00edsticos, sea otra entidad de la misma empresa. Esta debe de estar debidamente licenciada e identificada en las Condiciones Generales de Reserva , limitando a la empresa al papel de prestar la plataforma que permita la contrataci\u00f3n de servicios por parte del usuario, no asumiendo esta en consecuencia, responsabilidad alguna por los problemas derivados de la ejecuci\u00f3n de estos contratos.<\/p>\n<p dir=\"ltr\">\n<p dir=\"ltr\">2. OBLIGACIONES Y RESPONSABILIDAD GENERALES DEL USUARIO<\/p>\n<p dir=\"ltr\">\n<p dir=\"ltr\">La empresa se reserva el derecho a modificar estos T\u00e9rminos de Uso en cualquier momento, limit\u00e1ndose a publicar estos cambios en su web, siendo responsabilidad exclusiva del usuario verificarlos y cumplirlos durante cada uso. El uso de la wev despu\u00e9s de la publicaci\u00f3n de los cambios implica la aceptaci\u00f3n de la redacci\u00f3n actualizada de los T\u00e9rminos de Uso. Si no est\u00e1 de acuerdo con los cambios realizados o, en general, con los t\u00e9rminos de uso, debe dejar de usar inmediatamente la web y los servicios que ofrece.<\/p>\n<p dir=\"ltr\">\n<p dir=\"ltr\">Al acceder, usar y descargar materiales de la web, el usuario acepta, en su nombre y \/ o en nombre de la entidad en nombre de quien est\u00e9 actuando, cumplir oportunamente con las disposiciones de estos T\u00e9rminos de Uso, asegur\u00e1ndose de que tiene poderes para actuar en nombre del tercero al que representa, si corresponde.<\/p>\n<p dir=\"ltr\">\n<p dir=\"ltr\">El acceso a los servicios est\u00e1 expresamente prohibido por cualquier medio que no sea la interfaz proporcionada por la empresa, as\u00ed como el acceso (o intento de acceso) a la web y \/ o los servicios a trav\u00e9s de medios automatizados (incluido el uso de scripts o rastreadores web).<\/p>\n<p dir=\"ltr\">\n<p dir=\"ltr\">Est\u00e1 expresamente prohibido utilizar la web para fines distintos a aquellos para los que est\u00e1 destinada, incluidos fines ilegales o cualquier otro que pueda considerarse perjudicial para la imagen de la compa\u00f1\u00eda en el mercado. La usurpaci\u00f3n, la falsificaci\u00f3n, el uso de contenido usurpado o falsificado, la identificaci\u00f3n ileg\u00edtima y la competencia desleal son punibles penalmente. Tambi\u00e9n se proh\u00edbe al usuario crear o introducir en esta web cualquier tipo de virus o programas que los da\u00f1en o contaminen o aconsejen a terceros que lo hagan.<\/p>\n<p dir=\"ltr\">\n<p dir=\"ltr\">Cuenta de usuario<\/p>\n<p dir=\"ltr\">\n<p dir=\"ltr\">Para poder acceder a ciertos servicios y \u00e1reas restringidas de la web, es posible que se le solicite que proporcione algunos datos personales (como identificaci\u00f3n y detalles de contacto), como parte del proceso de registro para crear un cuenta de usuario en la web (&#8220;Cuenta de usuario&#8221;). Debe proporcionar una direcci\u00f3n de correo electr\u00f3nico v\u00e1lida a la que tenga derecho a acceder leg\u00edtimamente, as\u00ed como cualquier otra informaci\u00f3n necesaria para completar el proceso de registro. La informaci\u00f3n proporcionada debe estar actualizada, completa y ser precisa.<\/p>\n<p dir=\"ltr\">\n<p dir=\"ltr\">El usuario es responsable de mantener la confidencialidad de su contrase\u00f1a. Si detecta alg\u00fan uso il\u00edcito de su cuenta de usuario, debe notificarlo inmediatamente a la empresa. Sin embargo, la empresa o un tercero pueden responsabilizarlo por el uso ilegal de su cuenta de usuario o contrase\u00f1a.<\/p>\n<p dir=\"ltr\">\n<p dir=\"ltr\">La cuenta de usuario solo debe ser utilizada por un tercero con el consentimiento del respectivo titular.<\/p>\n<p dir=\"ltr\">\n<p dir=\"ltr\">El usuario es el \u00fanico responsable de cualquier da\u00f1o emergente o lucro cesante causado por su conducta ilegal al utilizar la web y sus servicios y por el contenido que pone a disposici\u00f3n en la web.<\/p>\n<p dir=\"ltr\">\n<p dir=\"ltr\">Si la empresa desactiva o retira el acceso a su cuenta de usuario, el usuario comprende y acepta que se le puede impedir el acceso a ciertas \u00e1reas restringidas de la web, los detalles de su cuenta de usuario o cualquier contenido existente.<\/p>\n<p dir=\"ltr\">\n<p dir=\"ltr\">3. DERECHOS<\/p>\n<p dir=\"ltr\">\n<p dir=\"ltr\">Los derechos de acceso, rectificaci\u00f3n, cancelaci\u00f3n y oposici\u00f3n pueden ejercitarse por escrito, acompa\u00f1ada de copia de su DNI dirigida a la direcci\u00f3n que se indica a continuaci\u00f3n:<\/p>\n<p dir=\"ltr\">\n<p dir=\"ltr\">&#8211; Paraty Hoteles S.L. | Avenida Manuel Fraga Iribarne, 15 Portal 4, 1er Piso &#8211; 29620 Torremolinos &#8211;\u00a0 M\u00e1laga Espa\u00f1a<\/p>\n<p dir=\"ltr\">&#8211; Antonieta &amp; Gilberto Alves, Lda | Souto da Lama Arcos de Valdevez &#8211; Viana do Castelo 4970-574 S. Jorge, Portugal | 516 529 633<\/p>\n<p dir=\"ltr\">\n<p dir=\"ltr\">4. DERECHOS DE PROPIEDAD INTELECTUAL Y PERSONALIDAD<\/p>\n<p dir=\"ltr\">\n<p dir=\"ltr\">Propiedad<\/p>\n<p dir=\"ltr\">\n<p dir=\"ltr\">Toda la informaci\u00f3n contenida en la web, los servicios y todos los datos y la informaci\u00f3n recopilada por la empresa asociada (como archivos de datos, texto escrito, Software, m\u00fasica, archivos de audio u otros sonidos, fotograf\u00edas, videos u otras im\u00e1genes) a los que tiene acceso como parte de los servicios o mediante su uso, se consideran contenidos de la empresa, entidad de empresa o de terceros, cuando se identifican debidamente. El usuario no est\u00e1 autorizado a modificar, alquilar, prestar, pedir prestado, vender, distribuir o crear una obra derivada en base a los referidos contenidos (parcial o totalmente), salvo que haya sido expresamente autorizado por escrito por la empresa o por un tercero que posee sus derechos de propiedad intelectual y personalidad.<\/p>\n<p dir=\"ltr\">\n<p dir=\"ltr\">El usuario reconoce y acepta que la empresa y las entidades aplicables de la empresa (seg\u00fan corresponda) pose\u00e9n todos los derechos de propiedad intelectual (ya sea que esos derechos est\u00e9n registrados o no y en cualquier parte del mundo donde esos derechos puedan existir) relacionados con los servicios. . La empresa y las entidades correspondientes de la empresa (seg\u00fan corresponda) conservan todos los derechos no otorgados expresamente al usuario en estos t\u00e9rminos de uso.<\/p>\n<p dir=\"ltr\">\n<p dir=\"ltr\">El Usuario acepta adem\u00e1s no eliminar, ocultar ni alterar ning\u00fan aviso de derechos de propiedad intelectual (incluidos avisos de derechos de autor y marcas comerciales) que puedan publicarse o incluirse en la web.<\/p>\n<p dir=\"ltr\">\n<p dir=\"ltr\">Marcas y similares<\/p>\n<p dir=\"ltr\">\n<p dir=\"ltr\">A menos que la empresa lo autorice expresamente para hacerlo, ning\u00fan punto de los t\u00e9rminos de uso le otorga al usuario el derecho a usar ninguna de las marcas registradas, marcas comerciales, marcas de servicio, logotipos, nombres de dominio y otras caracter\u00edsticas de signos distintivos de la empresa o de cualquier otra entidad de la empresa.<\/p>\n<p dir=\"ltr\">\n<p dir=\"ltr\">Software<\/p>\n<p dir=\"ltr\">\n<p dir=\"ltr\">La empresa otorga al usuario una licencia personal, mundial, gratuita, intransferible y no exclusiva para utilizar la interfaz de reserva en la web como parte de los servicios proporcionados (&#8220;Software&#8221;). Esta licencia tiene el \u00fanico prop\u00f3sito de permitir el uso y disfrute del servicio de reservas disponible en la web, seg\u00fan lo permitido por los t\u00e9rminos de uso.<\/p>\n<p dir=\"ltr\">\n<p dir=\"ltr\">El Usuario no est\u00e1 autorizado (ni puede permitir a terceros) copiar, modificar, crear un trabajo derivado, realizar ingenier\u00eda inversa, descompilar o, de cualquier otra forma, intentar extraer el c\u00f3digo fuente del Software o cualquier parte que redactar, a menos que esto est\u00e9 expresamente permitido o previsto por la ley aplicable o que el usuario haya sido espec\u00edficamente autorizado por escrito por la empresa para hacerlo. A menos que la empresa haya otorgado al usuario una autorizaci\u00f3n espec\u00edfica por escrito para hacerlo, no puede ceder (o ceder una sublicencia a) sus derechos para usar el Software, otorgar una garant\u00eda con respecto a sus derechos para usar el Software o, alternativamente, transferir cualquier parte de sus derechos para usar el Software.<\/p>\n<p dir=\"ltr\">\n<p dir=\"ltr\">5. POL\u00cdTICA DE PRIVACIDAD<\/p>\n<p dir=\"ltr\">\n<p dir=\"ltr\">La pol\u00edtica de privacidad est\u00e1 disponible en https:\/\/www.varandasapartments.pt\/. Esta pol\u00edtica contiene una explicaci\u00f3n de los procedimientos adoptados por la empresa y por los terceros que prestan servicios a trav\u00e9s de la web, en el \u00e1mbito del tratamiento de los datos personales de sus usuarios y la protecci\u00f3n de su privacidad al utilizar el Sitio y los Servicios. El usuario acepta que la empresa recopile y procese sus datos personales de acuerdo con la pol\u00edtica de privacidad.<\/p>\n<p dir=\"ltr\">\n<p dir=\"ltr\">6. DISPOSICIONES GENERALES<\/p>\n<p dir=\"ltr\">\n<p dir=\"ltr\">Prevalencia<\/p>\n<p dir=\"ltr\">\n<p dir=\"ltr\">En caso de conflicto entre los t\u00e9rminos de uso y otras disposiciones espec\u00edficas o t\u00e9rminos y condiciones espec\u00edficos de la web relacionados con ciertos materiales, estos deben prevalecer.<\/p>\n<p dir=\"ltr\">\n<p dir=\"ltr\">Ejercicio de derechos<\/p>\n<p dir=\"ltr\">\n<p dir=\"ltr\">El no ejercicio o no aplicaci\u00f3n inmediata de derechos o disposiciones por parte de la empresa, previstos en las condiciones de uso, no debe interpretarse como una renuncia a los mismos.<\/p>\n<p dir=\"ltr\">\n<p dir=\"ltr\">Integralidad<\/p>\n<p dir=\"ltr\">\n<p dir=\"ltr\">Los t\u00e9rminos de uso constituyen el acuerdo completo entre el usuario y la empresa con respecto al uso y consulta, por parte de este \u00faltimo, de la web y sus servicios, y regulan el uso de estos (excluyendo cualquier servicio que pueda ser proporcionado por la empresa dentro del alcance de un acuerdo escrito por separado), reemplazando completamente cualquier acuerdo anterior entre el usuario y la empresa en relaci\u00f3n con la web y sus servicios.<\/p>\n<p dir=\"ltr\">\n<p dir=\"ltr\">Reducci\u00f3n<\/p>\n<p dir=\"ltr\">\n<p dir=\"ltr\">La nulidad, declarada mediante laudo judicial o arbitral definitivo, de alguna disposici\u00f3n de las condiciones de uso no determina la nulidad de las dem\u00e1s, reserv\u00e1ndose la empresa el derecho, si es necesario, de modificar las condiciones de uso en consecuencia para suplir la invalidez.<\/p>\n<p dir=\"ltr\">\n<p dir=\"ltr\">Notificaciones \/ Comunicaciones \/ Quejas<\/p>\n<p dir=\"ltr\">\n<p dir=\"ltr\">Todas las notificaciones y comunicaciones de la empresa al usuario en virtud de los t\u00e9rminos de uso deben realizarse preferiblemente a la direcci\u00f3n de correo electr\u00f3nico o direcci\u00f3n proporcionada por el usuario en su cuenta de usuario, sin perjuicio de que la empresa pueda utilizar otros elementos y formas de contacto.<\/p>\n<p dir=\"ltr\">\n<p dir=\"ltr\">Las notificaciones, comunicaciones y quejas del usuario deben enviarse preferiblemente al correo electr\u00f3nico reservas@varandasapartments.pt.<\/p>\n<p dir=\"ltr\">\n<p dir=\"ltr\">7. LEY APLICABLE Y JURISDICCI\u00d3N<\/p>\n<p dir=\"ltr\">\n<p dir=\"ltr\">Los t\u00e9rminos de uso, as\u00ed como la relaci\u00f3n del usuario con la empresa seg\u00fan ellos, se rigen por las leyes aplicables de la Rep\u00fablica de Portugal. El usuario y la empresa acuerdan someter a la jurisdicci\u00f3n exclusiva de los tribunales judiciales del Distrito de Lisboa la resoluci\u00f3n de cualquier cuesti\u00f3n legal derivada de las condiciones de uso, sin perjuicio de las normas legales obligatorias aplicables. No obstante, la empresa podr\u00e1 aplicar medidas cautelares (o un tipo equivalente de indemnizaci\u00f3n legal urgente) en cualquier jurisdicci\u00f3n. En caso de cualquier conflicto judicial que afecte a Paraty Hotels se resolver\u00e1 en los Juzgados de M\u00e1laga, Espa\u00f1a.<\/p>\n<\/div>\n<p><\/p>","protected":false},"excerpt":{"rendered":"<p>1. INTRODUCCI\u00d3N Al usar o visitar la web alojada en https:\/\/www.varandasapartments.pt\/ (&#8220;web&#8221;) o cualquier informaci\u00f3n realtiva, archivos de datos, texto escrito, gr\u00e1ficos, enlaces, archivos de audio o similares, fotograf\u00edas, videos, recursos y servicios puestos a disposici\u00f3n a trav\u00e9s de dicha web, usted est\u00e1, como usuario, de acuerdo con aceptar estos t\u00e9rminos de uso (&#8220;T\u00e9rminos de [&hellip;]<\/p>\n","protected":false},"author":1,"featured_media":0,"parent":0,"menu_order":0,"comment_status":"closed","ping_status":"open","template":"","meta":{"inline_featured_image":false},"_links":{"self":[{"href":"https:\/\/varandasapartments.pt\/es\/wp-json\/wp\/v2\/pages\/2302"}],"collection":[{"href":"https:\/\/varandasapartments.pt\/es\/wp-json\/wp\/v2\/pages"}],"about":[{"href":"https:\/\/varandasapartments.pt\/es\/wp-json\/wp\/v2\/types\/page"}],"author":[{"embeddable":true,"href":"https:\/\/varandasapartments.pt\/es\/wp-json\/wp\/v2\/users\/1"}],"replies":[{"embeddable":true,"href":"https:\/\/varandasapartments.pt\/es\/wp-json\/wp\/v2\/comments?post=2302"}],"version-history":[{"count":5,"href":"https:\/\/varandasapartments.pt\/es\/wp-json\/wp\/v2\/pages\/2302\/revisions"}],"predecessor-version":[{"id":2746,"href":"https:\/\/varandasapartments.pt\/es\/wp-json\/wp\/v2\/pages\/2302\/revisions\/2746"}],"wp:attachment":[{"href":"https:\/\/varandasapartments.pt\/es\/wp-json\/wp\/v2\/media?parent=2302"}],"curies":[{"name":"wp","href":"https:\/\/api.w.org\/{rel}","templated":true}]}}