{"id":1292,"date":"2018-10-25T15:26:09","date_gmt":"2018-10-25T15:26:09","guid":{"rendered":"http:\/\/wordpress-89239-751427.cloudwaysapps.com\/?page_id=1292"},"modified":"2023-06-23T12:55:05","modified_gmt":"2023-06-23T12:55:05","slug":"about-homey","status":"publish","type":"page","link":"https:\/\/varandasapartments.pt\/es\/about-homey\/","title":{"rendered":"Arcos de Valdevez"},"content":{"rendered":"<p>[vc_row css=&#8221;.vc_custom_1540484653733{margin-bottom: 30px !important;padding-right: 30px !important;padding-left: 30px !important;background-color: #ffffff !important;}&#8221;][vc_column]\t\t<div class=\"homey-module module-title section-title-module text-left \">\r\n\t\t\t<h2 >Arcos de Valdevez<\/h2>\r\n\r\n\t\t\t<p  class=\"sub-heading\"><\/p>\r\n\t\t<\/div>\r\n\t\t[vc_row_inner][vc_column_inner][vc_column_text]<\/p>\n<div align=\"justify\">\n<p><span style=\"font-weight: 400;\">Arcos de Valdevez puede considerarse como una peque\u00f1a caja de seducci\u00f3n, encajado en el valle de Vez, Arcos conserva todo el encanto caracter\u00edstico Alto Minho: paisaje verde, abundante, la arquitectura soleado fresco y un r\u00edo que se extiende la vanidad de todo un pueblo cargados de historia.<\/span><\/p>\n<p><span style=\"font-weight: 400;\">La tierra de Valdevez y su gente sumergen ra\u00edces en el tiempo lejano. Franjeada la po\u00e9tica Lima, ranurado en el medio y el final a final, el tiempo id\u00edlico que le da su nombre, abeberada en muchas direcciones, saltando y arroyos cristalinos, en forma caprichosa por naturaleza, a veces en las monta\u00f1as escarpadas de corte Soajo y de Peneda y puntos de vista de \u00e9xtasis, a veces en laderas perezosos donde amadura vino y prados somnolientos donde crece el pan.<\/span><\/p>\n<p><span style=\"font-weight: 400;\">A lo largo del Condado abundan casas se\u00f1oriales seculares, torres y puentes medievales y de la historia, los templos de todos los estilos, peregrinaciones y m\u00e1s y mucha tradici\u00f3n y una gastronom\u00eda sin rival.<\/span><span style=\"font-weight: 400;\">El Valdevez tierra es una sinfon\u00eda portentosa del sol y la brisa, la luz y los colores, en el que la nota dominante es la sin par fresco.<\/span><\/p>\n<\/div>\n<p>[\/vc_column_text][\/vc_column_inner][\/vc_row_inner][\/vc_column][\/vc_row]<\/p>","protected":false},"excerpt":{"rendered":"<p>[vc_row css=&#8221;.vc_custom_1540484653733{margin-bottom: 30px !important;padding-right: 30px !important;padding-left: 30px !important;background-color: #ffffff !important;}&#8221;][vc_column][vc_row_inner][vc_column_inner][vc_column_text] Arcos de Valdevez puede considerarse como una peque\u00f1a caja de seducci\u00f3n, encajado en el valle de Vez, Arcos conserva todo el encanto caracter\u00edstico Alto Minho: paisaje verde, abundante, la arquitectura soleado fresco y un r\u00edo que se extiende la vanidad de todo un pueblo cargados [&hellip;]<\/p>\n","protected":false},"author":1,"featured_media":0,"parent":0,"menu_order":0,"comment_status":"closed","ping_status":"closed","template":"template\/template-homepage.php","meta":{"inline_featured_image":false},"_links":{"self":[{"href":"https:\/\/varandasapartments.pt\/es\/wp-json\/wp\/v2\/pages\/1292"}],"collection":[{"href":"https:\/\/varandasapartments.pt\/es\/wp-json\/wp\/v2\/pages"}],"about":[{"href":"https:\/\/varandasapartments.pt\/es\/wp-json\/wp\/v2\/types\/page"}],"author":[{"embeddable":true,"href":"https:\/\/varandasapartments.pt\/es\/wp-json\/wp\/v2\/users\/1"}],"replies":[{"embeddable":true,"href":"https:\/\/varandasapartments.pt\/es\/wp-json\/wp\/v2\/comments?post=1292"}],"version-history":[{"count":5,"href":"https:\/\/varandasapartments.pt\/es\/wp-json\/wp\/v2\/pages\/1292\/revisions"}],"predecessor-version":[{"id":2741,"href":"https:\/\/varandasapartments.pt\/es\/wp-json\/wp\/v2\/pages\/1292\/revisions\/2741"}],"wp:attachment":[{"href":"https:\/\/varandasapartments.pt\/es\/wp-json\/wp\/v2\/media?parent=1292"}],"curies":[{"name":"wp","href":"https:\/\/api.w.org\/{rel}","templated":true}]}}